{"id":5158,"date":"2023-02-22T14:29:26","date_gmt":"2023-02-22T14:29:26","guid":{"rendered":"https:\/\/stpaulsavannah.org\/?page_id=5158"},"modified":"2026-04-20T19:30:57","modified_gmt":"2026-04-20T23:30:57","slug":"welcome","status":"publish","type":"page","link":"https:\/\/stpaulsavannah.org\/es\/","title":{"rendered":"Bienvenido"},"content":{"rendered":"<div data-elementor-type=\"wp-page\" data-elementor-id=\"5158\" class=\"elementor elementor-5158\" data-elementor-post-type=\"page\">\n\t\t\t\t<div class=\"elementor-element elementor-element-3789ce5 e-flex e-con-boxed e-con e-parent\" data-id=\"3789ce5\" data-element_type=\"container\" data-e-type=\"container\" data-settings=\"{&quot;background_background&quot;:&quot;classic&quot;}\">\n\t\t\t\t\t<div class=\"e-con-inner\">\n\t\t\t\t\t<\/div>\n\t\t\t\t<\/div>\n\t\t<div class=\"elementor-element elementor-element-5234b15 animated-slow e-con-full e-flex e-con e-parent\" data-id=\"5234b15\" data-element_type=\"container\" data-e-type=\"container\" data-settings=\"{&quot;background_background&quot;:&quot;classic&quot;,&quot;animation&quot;:&quot;none&quot;}\">\n\t\t<div class=\"elementor-element elementor-element-786da11 e-con-full e-flex e-con e-child\" data-id=\"786da11\" data-element_type=\"container\" data-e-type=\"container\">\n\t\t\t\t<div class=\"elementor-element elementor-element-7face2f elementor-widget elementor-widget-spacer\" data-id=\"7face2f\" data-element_type=\"widget\" data-e-type=\"widget\" data-widget_type=\"spacer.default\">\n\t\t\t\t<div class=\"elementor-widget-container\">\n\t\t\t\t\t\t\t<div class=\"elementor-spacer\">\n\t\t\t<div class=\"elementor-spacer-inner\"><\/div>\n\t\t<\/div>\n\t\t\t\t\t\t<\/div>\n\t\t\t\t<\/div>\n\t\t\t\t<div class=\"elementor-element elementor-element-77da993 animated-slow elementor-invisible elementor-widget elementor-widget-heading\" data-id=\"77da993\" data-element_type=\"widget\" data-e-type=\"widget\" data-settings=\"{&quot;_animation&quot;:&quot;zoomIn&quot;,&quot;_animation_delay&quot;:500}\" data-widget_type=\"heading.default\">\n\t\t\t\t<div class=\"elementor-widget-container\">\n\t\t\t\t\t<h1 class=\"elementor-heading-title elementor-size-default\">bienvenidos<\/h1>\t\t\t\t<\/div>\n\t\t\t\t<\/div>\n\t\t\t\t<div class=\"elementor-element elementor-element-5979683 elementor-widget elementor-widget-spacer\" data-id=\"5979683\" data-element_type=\"widget\" data-e-type=\"widget\" data-widget_type=\"spacer.default\">\n\t\t\t\t<div class=\"elementor-widget-container\">\n\t\t\t\t\t\t\t<div class=\"elementor-spacer\">\n\t\t\t<div class=\"elementor-spacer-inner\"><\/div>\n\t\t<\/div>\n\t\t\t\t\t\t<\/div>\n\t\t\t\t<\/div>\n\t\t\t\t<\/div>\n\t\t\t\t<\/div>\n\t\t<div class=\"elementor-element elementor-element-a5fdd41 elementor-hidden-tablet_extra elementor-hidden-tablet elementor-hidden-mobile elementor-hidden-mobile_extra e-flex e-con-boxed e-con e-parent\" data-id=\"a5fdd41\" data-element_type=\"container\" data-e-type=\"container\">\n\t\t\t\t\t<div class=\"e-con-inner\">\n\t\t\t\t<div class=\"elementor-element elementor-element-b916f64 my-custom-links-2 elementor-widget__width-initial elementor-position-top elementor-widget elementor-widget-image-box\" data-id=\"b916f64\" data-element_type=\"widget\" data-e-type=\"widget\" data-widget_type=\"image-box.default\">\n\t\t\t\t<div class=\"elementor-widget-container\">\n\t\t\t\t\t<div class=\"elementor-image-box-wrapper\"><figure class=\"elementor-image-box-img\"><a href=\"https:\/\/stpaulsavannah.org\/es\/worship\/\" tabindex=\"-1\"><img decoding=\"async\" data-src=\"https:\/\/stpaulsavannah.org\/wp-content\/uploads\/elementor\/thumbs\/IMG_2197-scaled-rddz3wo4oeai60a0xluhox86jgf9gf2jhnv9y75kzs.jpg\" title=\"Misa en San Pablo\" alt=\"Mass at St. Paul&#039;s\" src=\"data:image\/svg+xml;base64,PHN2ZyB3aWR0aD0iMSIgaGVpZ2h0PSIxIiB4bWxucz0iaHR0cDovL3d3dy53My5vcmcvMjAwMC9zdmciPjwvc3ZnPg==\" class=\"lazyload\" style=\"--smush-placeholder-width: 500px; --smush-placeholder-aspect-ratio: 500\/500;\" \/><\/a><\/figure><div class=\"elementor-image-box-content\"><h3 class=\"elementor-image-box-title\"><a href=\"https:\/\/stpaulsavannah.org\/es\/worship\/\">Adoraci\u00f3n<\/a><\/h3><p class=\"elementor-image-box-description\">En St. Paul's ofrecemos una manera de reunirse en adoraci\u00f3n y oraci\u00f3n todos los d\u00edas de la semana ya sea en ingl\u00e9s y\/o espa\u00f1ol. <\/p><\/div><\/div>\t\t\t\t<\/div>\n\t\t\t\t<\/div>\n\t\t\t\t<div class=\"elementor-element elementor-element-0044c89 my-custom-links-2 elementor-widget__width-initial elementor-position-top elementor-widget elementor-widget-image-box\" data-id=\"0044c89\" data-element_type=\"widget\" data-e-type=\"widget\" data-widget_type=\"image-box.default\">\n\t\t\t\t<div class=\"elementor-widget-container\">\n\t\t\t\t\t<div class=\"elementor-image-box-wrapper\"><figure class=\"elementor-image-box-img\"><a href=\"https:\/\/us12.campaign-archive.com\/home\/?u=add300c37a5c23026ac549993&#038;id=d554d598e4\" tabindex=\"-1\"><img decoding=\"async\" data-src=\"https:\/\/stpaulsavannah.org\/wp-content\/uploads\/elementor\/thumbs\/St.PAULSAVANNAHGA-rddz3yjt22d2t87ammnqtwr3q85zvta05x68wr2snc.jpg\" title=\"St.PAUL SAVANNAH GA\" alt=\"St.PAUL SAVANNAH GA\" src=\"data:image\/svg+xml;base64,PHN2ZyB3aWR0aD0iMSIgaGVpZ2h0PSIxIiB4bWxucz0iaHR0cDovL3d3dy53My5vcmcvMjAwMC9zdmciPjwvc3ZnPg==\" class=\"lazyload\" style=\"--smush-placeholder-width: 500px; --smush-placeholder-aspect-ratio: 500\/500;\" \/><\/a><\/figure><div class=\"elementor-image-box-content\"><h3 class=\"elementor-image-box-title\"><a href=\"https:\/\/us12.campaign-archive.com\/home\/?u=add300c37a5c23026ac549993&#038;id=d554d598e4\">Newsletter<\/a><\/h3><p class=\"elementor-image-box-description\">The Spiritus Gladius Newsletter archive is a list of all current and past St. Paul's weekly parish newsletters.<\/p><\/div><\/div>\t\t\t\t<\/div>\n\t\t\t\t<\/div>\n\t\t\t\t<div class=\"elementor-element elementor-element-746857c my-custom-links-2 elementor-widget__width-initial elementor-position-top elementor-widget elementor-widget-image-box\" data-id=\"746857c\" data-element_type=\"widget\" data-e-type=\"widget\" data-widget_type=\"image-box.default\">\n\t\t\t\t<div class=\"elementor-widget-container\">\n\t\t\t\t\t<div class=\"elementor-image-box-wrapper\"><figure class=\"elementor-image-box-img\"><a href=\"https:\/\/stpaulsavannah.org\/es\/calendar\/\" tabindex=\"-1\"><img fetchpriority=\"high\" decoding=\"async\" width=\"1048\" height=\"1100\" src=\"https:\/\/stpaulsavannah.org\/wp-content\/uploads\/2025\/07\/2023-dia-de-los-muertos-altar.jpeg\" class=\"attachment-full size-full wp-image-8450\" alt=\"2023 Dia de los Muertos Ofrendas\" srcset=\"https:\/\/stpaulsavannah.org\/wp-content\/uploads\/2025\/07\/2023-dia-de-los-muertos-altar.jpeg 1048w, https:\/\/stpaulsavannah.org\/wp-content\/uploads\/2025\/07\/2023-dia-de-los-muertos-altar-286x300.jpeg 286w, https:\/\/stpaulsavannah.org\/wp-content\/uploads\/2025\/07\/2023-dia-de-los-muertos-altar-976x1024.jpeg 976w, https:\/\/stpaulsavannah.org\/wp-content\/uploads\/2025\/07\/2023-dia-de-los-muertos-altar-768x806.jpeg 768w, https:\/\/stpaulsavannah.org\/wp-content\/uploads\/2025\/07\/2023-dia-de-los-muertos-altar-11x12.jpeg 11w\" sizes=\"(max-width: 1048px) 100vw, 1048px\" \/><\/a><\/figure><div class=\"elementor-image-box-content\"><h3 class=\"elementor-image-box-title\"><a href=\"https:\/\/stpaulsavannah.org\/es\/calendar\/\">calendario<\/a><\/h3><p class=\"elementor-image-box-description\">Siempre hay algo que hacer en San Pablo. Vea el calendario parroquial y haga planes para visitarnos.<br><br><b><\/p><\/div><\/div>\t\t\t\t<\/div>\n\t\t\t\t<\/div>\n\t\t\t\t\t<\/div>\n\t\t\t\t<\/div>\n\t\t<div class=\"elementor-element elementor-element-435acde e-flex e-con-boxed e-con e-parent\" data-id=\"435acde\" data-element_type=\"container\" data-e-type=\"container\">\n\t\t\t\t\t<div class=\"e-con-inner\">\n\t\t\t\t<div class=\"elementor-element elementor-element-ff691f1 elementor-widget__width-initial elementor-widget-mobile__width-initial elementor-widget elementor-widget-heading\" data-id=\"ff691f1\" data-element_type=\"widget\" data-e-type=\"widget\" data-widget_type=\"heading.default\">\n\t\t\t\t<div class=\"elementor-widget-container\">\n\t\t\t\t\t<h2 class=\"elementor-heading-title elementor-size-default\"><a href=\"https:\/\/stpaulsavannah.org\/es\/worship\/\">Daily Worship Schedule<\/a><\/h2>\t\t\t\t<\/div>\n\t\t\t\t<\/div>\n\t\t\t\t<div class=\"elementor-element elementor-element-e750447 elementor-widget__width-initial elementor-widget-mobile__width-initial elementor-widget elementor-widget-heading\" data-id=\"e750447\" data-element_type=\"widget\" data-e-type=\"widget\" data-widget_type=\"heading.default\">\n\t\t\t\t<div class=\"elementor-widget-container\">\n\t\t\t\t\t<h2 class=\"elementor-heading-title elementor-size-default\"><a href=\"https:\/\/stpaulsavannah.org\/es\/public-worship\/\">Sunday Live Stream<\/a><\/h2>\t\t\t\t<\/div>\n\t\t\t\t<\/div>\n\t\t\t\t\t<\/div>\n\t\t\t\t<\/div>\n\t\t<div class=\"elementor-element elementor-element-4b0db92 elementor-hidden-tablet_extra elementor-hidden-tablet elementor-hidden-mobile_extra elementor-hidden-mobile e-flex e-con-boxed e-con e-parent\" data-id=\"4b0db92\" data-element_type=\"container\" data-e-type=\"container\" data-settings=\"{&quot;background_background&quot;:&quot;classic&quot;}\">\n\t\t\t\t\t<div class=\"e-con-inner\">\n\t\t<div class=\"elementor-element elementor-element-bb7c066 e-con-full e-flex e-con e-child\" data-id=\"bb7c066\" data-element_type=\"container\" data-e-type=\"container\">\n\t\t<div class=\"elementor-element elementor-element-b91b360 e-con-full e-flex e-con e-child\" data-id=\"b91b360\" data-element_type=\"container\" data-e-type=\"container\">\n\t\t\t\t<div class=\"elementor-element elementor-element-6f493a9 elementor-widget__width-initial elementor-widget elementor-widget-heading\" data-id=\"6f493a9\" data-element_type=\"widget\" data-e-type=\"widget\" data-widget_type=\"heading.default\">\n\t\t\t\t<div class=\"elementor-widget-container\">\n\t\t\t\t\t<h2 class=\"elementor-heading-title elementor-size-default\">Spiritus Gladius<\/h2>\t\t\t\t<\/div>\n\t\t\t\t<\/div>\n\t\t\t\t<div class=\"elementor-element elementor-element-2a19a74 elementor-widget__width-initial elementor-widget elementor-widget-heading\" data-id=\"2a19a74\" data-element_type=\"widget\" data-e-type=\"widget\" data-widget_type=\"heading.default\">\n\t\t\t\t<div class=\"elementor-widget-container\">\n\t\t\t\t\t<p class=\"elementor-heading-title elementor-size-default\">Bolet\u00edn parroquial semanal<\/p>\t\t\t\t<\/div>\n\t\t\t\t<\/div>\n\t\t\t\t<div class=\"elementor-element elementor-element-8dd8c22 elementor-align-center elementor-widget elementor-widget-button\" data-id=\"8dd8c22\" data-element_type=\"widget\" data-e-type=\"widget\" data-widget_type=\"button.default\">\n\t\t\t\t<div class=\"elementor-widget-container\">\n\t\t\t\t\t\t\t\t\t<div class=\"elementor-button-wrapper\">\n\t\t\t\t\t<a class=\"elementor-button elementor-button-link elementor-size-sm\" href=\"https:\/\/us12.campaign-archive.com\/home\/?u=add300c37a5c23026ac549993&#038;id=d554d598e4\" target=\"_blank\">\n\t\t\t\t\t\t<span class=\"elementor-button-content-wrapper\">\n\t\t\t\t\t\t\t\t\t<span class=\"elementor-button-text\">Leer aqu\u00ed <\/span>\n\t\t\t\t\t<\/span>\n\t\t\t\t\t<\/a>\n\t\t\t\t<\/div>\n\t\t\t\t\t\t\t\t<\/div>\n\t\t\t\t<\/div>\n\t\t\t\t<div class=\"elementor-element elementor-element-e2fbe49 elementor-align-center elementor-widget elementor-widget-button\" data-id=\"e2fbe49\" data-element_type=\"widget\" data-e-type=\"widget\" data-widget_type=\"button.default\">\n\t\t\t\t<div class=\"elementor-widget-container\">\n\t\t\t\t\t\t\t\t\t<div class=\"elementor-button-wrapper\">\n\t\t\t\t\t<a class=\"elementor-button elementor-button-link elementor-size-sm\" href=\"https:\/\/mailchi.mp\/25aec590f685\/spiritusgladius\" target=\"_blank\" rel=\"nofollow\">\n\t\t\t\t\t\t<span class=\"elementor-button-content-wrapper\">\n\t\t\t\t\t\t\t\t\t<span class=\"elementor-button-text\">Suscr\u00edbase a<\/span>\n\t\t\t\t\t<\/span>\n\t\t\t\t\t<\/a>\n\t\t\t\t<\/div>\n\t\t\t\t\t\t\t\t<\/div>\n\t\t\t\t<\/div>\n\t\t\t\t<div class=\"elementor-element elementor-element-9971d3d elementor-widget elementor-widget-image\" data-id=\"9971d3d\" data-element_type=\"widget\" data-e-type=\"widget\" data-widget_type=\"image.default\">\n\t\t\t\t<div class=\"elementor-widget-container\">\n\t\t\t\t\t\t\t\t\t\t\t\t\t\t\t\t<a href=\"https:\/\/mailchi.mp\/25aec590f685\/spiritusgladius\" target=\"_blank\">\n\t\t\t\t\t\t\t<img decoding=\"async\" width=\"459\" height=\"512\" data-src=\"https:\/\/stpaulsavannah.org\/wp-content\/uploads\/2025\/09\/Deacon-Ella-preaching.jpeg\" class=\"attachment-large size-large wp-image-8820 lazyload\" alt=\"Deacon Ella preaching\" data-srcset=\"https:\/\/stpaulsavannah.org\/wp-content\/uploads\/2025\/09\/Deacon-Ella-preaching.jpeg 459w, https:\/\/stpaulsavannah.org\/wp-content\/uploads\/2025\/09\/Deacon-Ella-preaching-269x300.jpeg 269w, https:\/\/stpaulsavannah.org\/wp-content\/uploads\/2025\/09\/Deacon-Ella-preaching-11x12.jpeg 11w\" data-sizes=\"(max-width: 459px) 100vw, 459px\" src=\"data:image\/svg+xml;base64,PHN2ZyB3aWR0aD0iMSIgaGVpZ2h0PSIxIiB4bWxucz0iaHR0cDovL3d3dy53My5vcmcvMjAwMC9zdmciPjwvc3ZnPg==\" style=\"--smush-placeholder-width: 459px; --smush-placeholder-aspect-ratio: 459\/512;\" \/>\t\t\t\t\t\t\t\t<\/a>\n\t\t\t\t\t\t\t\t\t\t\t\t\t\t\t<\/div>\n\t\t\t\t<\/div>\n\t\t\t\t<\/div>\n\t\t\t\t<\/div>\n\t\t<div class=\"elementor-element elementor-element-fdfacdc e-con-full e-flex e-con e-child\" data-id=\"fdfacdc\" data-element_type=\"container\" data-e-type=\"container\">\n\t\t<div class=\"elementor-element elementor-element-dd12f84 e-con-full e-flex e-con e-child\" data-id=\"dd12f84\" data-element_type=\"container\" data-e-type=\"container\">\n\t\t\t\t<div class=\"elementor-element elementor-element-c91c782 elementor-widget elementor-widget-image\" data-id=\"c91c782\" data-element_type=\"widget\" data-e-type=\"widget\" data-widget_type=\"image.default\">\n\t\t\t\t<div class=\"elementor-widget-container\">\n\t\t\t\t\t\t\t\t\t\t\t\t\t\t\t<img decoding=\"async\" width=\"768\" height=\"1024\" data-src=\"https:\/\/stpaulsavannah.org\/wp-content\/uploads\/2025\/07\/IMG_E4203-768x1024.jpg\" class=\"attachment-large size-large wp-image-8494 lazyload\" alt=\"Canon Loren Lasch preaching\" data-srcset=\"https:\/\/stpaulsavannah.org\/wp-content\/uploads\/2025\/07\/IMG_E4203-768x1024.jpg 768w, https:\/\/stpaulsavannah.org\/wp-content\/uploads\/2025\/07\/IMG_E4203-225x300.jpg 225w, https:\/\/stpaulsavannah.org\/wp-content\/uploads\/2025\/07\/IMG_E4203-1152x1536.jpg 1152w, https:\/\/stpaulsavannah.org\/wp-content\/uploads\/2025\/07\/IMG_E4203-1536x2048.jpg 1536w, https:\/\/stpaulsavannah.org\/wp-content\/uploads\/2025\/07\/IMG_E4203-9x12.jpg 9w, https:\/\/stpaulsavannah.org\/wp-content\/uploads\/2025\/07\/IMG_E4203-scaled.jpg 1920w\" data-sizes=\"(max-width: 768px) 100vw, 768px\" src=\"data:image\/svg+xml;base64,PHN2ZyB3aWR0aD0iMSIgaGVpZ2h0PSIxIiB4bWxucz0iaHR0cDovL3d3dy53My5vcmcvMjAwMC9zdmciPjwvc3ZnPg==\" style=\"--smush-placeholder-width: 768px; --smush-placeholder-aspect-ratio: 768\/1024;\" \/>\t\t\t\t\t\t\t\t\t\t\t\t\t\t\t<\/div>\n\t\t\t\t<\/div>\n\t\t\t\t<div class=\"elementor-element elementor-element-a520e33 elementor-widget elementor-widget-heading\" data-id=\"a520e33\" data-element_type=\"widget\" data-e-type=\"widget\" data-widget_type=\"heading.default\">\n\t\t\t\t<div class=\"elementor-widget-container\">\n\t\t\t\t\t<h2 class=\"elementor-heading-title elementor-size-default\">Dar en <br>San Pablo<\/h2>\t\t\t\t<\/div>\n\t\t\t\t<\/div>\n\t\t\t\t<div class=\"elementor-element elementor-element-c6bf09f elementor-widget elementor-widget-text-editor\" data-id=\"c6bf09f\" data-element_type=\"widget\" data-e-type=\"widget\" data-widget_type=\"text-editor.default\">\n\t\t\t\t<div class=\"elementor-widget-container\">\n\t\t\t\t\t\t\t\t\t<p>Si desea hacer una ofrenda a la iglesia, \u00fanase a Realm, nuestra comunidad de ofrendas en l\u00ednea, aqu\u00ed.<\/p>\t\t\t\t\t\t\t\t<\/div>\n\t\t\t\t<\/div>\n\t\t\t\t<div class=\"elementor-element elementor-element-b05c404 elementor-align-center elementor-widget elementor-widget-button\" data-id=\"b05c404\" data-element_type=\"widget\" data-e-type=\"widget\" data-widget_type=\"button.default\">\n\t\t\t\t<div class=\"elementor-widget-container\">\n\t\t\t\t\t\t\t\t\t<div class=\"elementor-button-wrapper\">\n\t\t\t\t\t<a class=\"elementor-button elementor-button-link elementor-size-sm\" href=\"https:\/\/onrealm.org\/StPaulApostleEp\/Account\/Start?ReturnUrl=%2FStPaulApostleEp%2FGiving%2FGivingHistory%2F\" target=\"_blank\" rel=\"nofollow\">\n\t\t\t\t\t\t<span class=\"elementor-button-content-wrapper\">\n\t\t\t\t\t\t\t\t\t<span class=\"elementor-button-text\">\u00danete al reino<\/span>\n\t\t\t\t\t<\/span>\n\t\t\t\t\t<\/a>\n\t\t\t\t<\/div>\n\t\t\t\t\t\t\t\t<\/div>\n\t\t\t\t<\/div>\n\t\t\t\t<\/div>\n\t\t\t\t<div class=\"elementor-element elementor-element-f50c097 elementor-align-center elementor-widget elementor-widget-button\" data-id=\"f50c097\" data-element_type=\"widget\" data-e-type=\"widget\" data-widget_type=\"button.default\">\n\t\t\t\t<div class=\"elementor-widget-container\">\n\t\t\t\t\t\t\t\t\t<div class=\"elementor-button-wrapper\">\n\t\t\t\t\t<a class=\"elementor-button elementor-button-link elementor-size-sm\" href=\"https:\/\/gaepiscopal.org\/signup\/\">\n\t\t\t\t\t\t<span class=\"elementor-button-content-wrapper\">\n\t\t\t\t\t\t\t\t\t<span class=\"elementor-button-text\">Suscr\u00edbase a<\/span>\n\t\t\t\t\t<\/span>\n\t\t\t\t\t<\/a>\n\t\t\t\t<\/div>\n\t\t\t\t\t\t\t\t<\/div>\n\t\t\t\t<\/div>\n\t\t\t\t<\/div>\n\t\t<div class=\"elementor-element elementor-element-5cddbbd e-con-full e-flex e-con e-child\" data-id=\"5cddbbd\" data-element_type=\"container\" data-e-type=\"container\">\n\t\t\t\t<div class=\"elementor-element elementor-element-b8d401d elementor-widget__width-initial elementor-widget elementor-widget-heading\" data-id=\"b8d401d\" data-element_type=\"widget\" data-e-type=\"widget\" data-widget_type=\"heading.default\">\n\t\t\t\t<div class=\"elementor-widget-container\">\n\t\t\t\t\t<h2 class=\"elementor-heading-title elementor-size-default\"><br>From the Field<\/h2>\t\t\t\t<\/div>\n\t\t\t\t<\/div>\n\t\t\t\t<div class=\"elementor-element elementor-element-4dba39f elementor-widget elementor-widget-text-editor\" data-id=\"4dba39f\" data-element_type=\"widget\" data-e-type=\"widget\" data-widget_type=\"text-editor.default\">\n\t\t\t\t<div class=\"elementor-widget-container\">\n\t\t\t\t\t\t\t\t\t<p>Weekly News from the<\/p><p>Diocese of Georgia<\/p>\t\t\t\t\t\t\t\t<\/div>\n\t\t\t\t<\/div>\n\t\t\t\t<div class=\"elementor-element elementor-element-a04ea1d elementor-align-center elementor-widget elementor-widget-button\" data-id=\"a04ea1d\" data-element_type=\"widget\" data-e-type=\"widget\" data-widget_type=\"button.default\">\n\t\t\t\t<div class=\"elementor-widget-container\">\n\t\t\t\t\t\t\t\t\t<div class=\"elementor-button-wrapper\">\n\t\t\t\t\t<a class=\"elementor-button elementor-button-link elementor-size-sm\" href=\"https:\/\/gaepiscopal.org\/fromthefield\/\" target=\"_blank\" rel=\"nofollow\">\n\t\t\t\t\t\t<span class=\"elementor-button-content-wrapper\">\n\t\t\t\t\t\t\t\t\t<span class=\"elementor-button-text\">Leer aqu\u00ed <\/span>\n\t\t\t\t\t<\/span>\n\t\t\t\t\t<\/a>\n\t\t\t\t<\/div>\n\t\t\t\t\t\t\t\t<\/div>\n\t\t\t\t<\/div>\n\t\t\t\t<div class=\"elementor-element elementor-element-cdc9259 elementor-widget elementor-widget-image\" data-id=\"cdc9259\" data-element_type=\"widget\" data-e-type=\"widget\" data-widget_type=\"image.default\">\n\t\t\t\t<div class=\"elementor-widget-container\">\n\t\t\t\t\t\t\t\t\t\t\t\t\t\t\t\t<a href=\"https:\/\/mailchi.mp\/25aec590f685\/spiritusgladius\" target=\"_blank\">\n\t\t\t\t\t\t\t<img decoding=\"async\" data-src=\"https:\/\/stpaulsavannah.org\/wp-content\/uploads\/2025\/10\/FullSizeRender9-scaled.jpg\" title=\"FullSizeRender(9)\" alt=\"Bishop visitation\" src=\"data:image\/svg+xml;base64,PHN2ZyB3aWR0aD0iMSIgaGVpZ2h0PSIxIiB4bWxucz0iaHR0cDovL3d3dy53My5vcmcvMjAwMC9zdmciPjwvc3ZnPg==\" class=\"lazyload\" style=\"--smush-placeholder-width: 2560px; --smush-placeholder-aspect-ratio: 2560\/1923;\" \/>\t\t\t\t\t\t\t\t<\/a>\n\t\t\t\t\t\t\t\t\t\t\t\t\t\t\t<\/div>\n\t\t\t\t<\/div>\n\t\t\t\t<\/div>\n\t\t\t\t\t<\/div>\n\t\t\t\t<\/div>\n\t\t<div class=\"elementor-element elementor-element-225d7d5 e-flex e-con-boxed e-con e-parent\" data-id=\"225d7d5\" data-element_type=\"container\" data-e-type=\"container\">\n\t\t\t\t\t<div class=\"e-con-inner\">\n\t\t<div class=\"elementor-element elementor-element-2c5ca5e e-flex e-con-boxed e-con e-child\" data-id=\"2c5ca5e\" data-element_type=\"container\" data-e-type=\"container\">\n\t\t\t\t\t<div class=\"e-con-inner\">\n\t\t\t\t<div class=\"elementor-element elementor-element-2b4c969 elementor-widget elementor-widget-text-editor\" data-id=\"2b4c969\" data-element_type=\"widget\" data-e-type=\"widget\" data-widget_type=\"text-editor.default\">\n\t\t\t\t<div class=\"elementor-widget-container\">\n\t\t\t\t\t\t\t\t\t<p>If you are new or visiting Savannah, come join us, and allow us to benefit from the grace God makes manifest in you. As children of God committed to deepening our life with Christ, we see the diversity of our religious histories, interests, and cultures as one of our greatest strengths as a community. We believe the Episcopal Church allows us to pursue this goal fruitfully. Primarily, we are part of this community because we find Jesus Christ in our worship, in our fellowship, and our ministry and service to others.<\/p>\t\t\t\t\t\t\t\t<\/div>\n\t\t\t\t<\/div>\n\t\t\t\t<div class=\"elementor-element elementor-element-1b92f9d elementor-hidden-mobile elementor-widget elementor-widget-heading\" data-id=\"1b92f9d\" data-element_type=\"widget\" data-e-type=\"widget\" data-widget_type=\"heading.default\">\n\t\t\t\t<div class=\"elementor-widget-container\">\n\t\t\t\t\t<h2 class=\"elementor-heading-title elementor-size-default\">DIOS TE AMA ~ SIN EXCEPCIONES<\/h2>\t\t\t\t<\/div>\n\t\t\t\t<\/div>\n\t\t\t\t\t<\/div>\n\t\t\t\t<\/div>\n\t\t\t\t\t<\/div>\n\t\t\t\t<\/div>\n\t\t\t\t<\/div>","protected":false},"excerpt":{"rendered":"<p>welcome Worship At St. Paul\u2019s we offer a way to come together in worship and prayer every day of the week either in English and\/or Spanish. Newsletter The Spiritus Gladius Newsletter archive is a list of all current and past St. Paul&#8217;s weekly parish newsletters. calendar There is always something happening at St. Paul&#8217;s! View [&hellip;]<\/p>\n","protected":false},"author":8,"featured_media":0,"parent":0,"menu_order":1,"comment_status":"closed","ping_status":"closed","template":"","meta":{"slim_seo":{"facebook_image":"https:\/\/stpaulsavannah.org\/wp-content\/uploads\/2025\/09\/Logo_plainshield-scaled-e1759351963279.png","twitter_image":"https:\/\/stpaulsavannah.org\/wp-content\/uploads\/2025\/09\/Logo_plainshield-scaled-e1759351963279.png","title":"Episcopal Church of St. Paul the Apostle\/Iglesia Episcopal de San Pablo Ap\u00f3stol - God Loves You. No Exceptions.","description":"welcome Worship At St. Paul\u2019s we offer a way to come together in worship and prayer every day of the week either in English and\/or Spanish. Newsletter The Spiri"},"footnotes":""},"class_list":["post-5158","page","type-page","status-publish","hentry"],"_links":{"self":[{"href":"https:\/\/stpaulsavannah.org\/es\/wp-json\/wp\/v2\/pages\/5158","targetHints":{"allow":["GET"]}}],"collection":[{"href":"https:\/\/stpaulsavannah.org\/es\/wp-json\/wp\/v2\/pages"}],"about":[{"href":"https:\/\/stpaulsavannah.org\/es\/wp-json\/wp\/v2\/types\/page"}],"author":[{"embeddable":true,"href":"https:\/\/stpaulsavannah.org\/es\/wp-json\/wp\/v2\/users\/8"}],"replies":[{"embeddable":true,"href":"https:\/\/stpaulsavannah.org\/es\/wp-json\/wp\/v2\/comments?post=5158"}],"version-history":[{"count":10,"href":"https:\/\/stpaulsavannah.org\/es\/wp-json\/wp\/v2\/pages\/5158\/revisions"}],"predecessor-version":[{"id":10158,"href":"https:\/\/stpaulsavannah.org\/es\/wp-json\/wp\/v2\/pages\/5158\/revisions\/10158"}],"wp:attachment":[{"href":"https:\/\/stpaulsavannah.org\/es\/wp-json\/wp\/v2\/media?parent=5158"}],"curies":[{"name":"wp","href":"https:\/\/api.w.org\/{rel}","templated":true}]}}