{"id":8671,"date":"2025-08-20T21:57:32","date_gmt":"2025-08-20T21:57:32","guid":{"rendered":"https:\/\/stpaulsavannah.org\/?page_id=8671"},"modified":"2026-03-25T13:42:40","modified_gmt":"2026-03-25T17:42:40","slug":"annual-parish-reports","status":"publish","type":"page","link":"https:\/\/stpaulsavannah.org\/es\/annual-parish-reports\/","title":{"rendered":"Informes parroquiales anuales"},"content":{"rendered":"<div data-elementor-type=\"wp-page\" data-elementor-id=\"8671\" class=\"elementor elementor-8671\" data-elementor-post-type=\"page\">\n\t\t\t\t<div class=\"elementor-element elementor-element-7063173 e-flex e-con-boxed e-con e-parent\" data-id=\"7063173\" data-element_type=\"container\" data-e-type=\"container\">\n\t\t\t\t\t<div class=\"e-con-inner\">\n\t\t\t\t<div class=\"elementor-element elementor-element-41e5d40 elementor-widget elementor-widget-heading\" data-id=\"41e5d40\" data-element_type=\"widget\" data-e-type=\"widget\" data-widget_type=\"heading.default\">\n\t\t\t\t<div class=\"elementor-widget-container\">\n\t\t\t\t\t<h2 class=\"elementor-heading-title elementor-size-default\">ANNUAL PARISH REPORT<\/h2>\t\t\t\t<\/div>\n\t\t\t\t<\/div>\n\t\t\t\t<div class=\"elementor-element elementor-element-1ae3d7b elementor-widget elementor-widget-text-editor\" data-id=\"1ae3d7b\" data-element_type=\"widget\" data-e-type=\"widget\" data-widget_type=\"text-editor.default\">\n\t\t\t\t<div class=\"elementor-widget-container\">\n\t\t\t\t\t\t\t\t\t<p>Los Informes Parroquiales Anuales, que se publican a finales de enero de cada a\u00f1o natural, dan una idea general de lo que ocurre en San Pablo de a\u00f1o en a\u00f1o, tanto en nuestros ministerios como en nuestras finanzas y presupuestos anuales.  Casi todo nuestro presupuesto anual es financiado por la generosidad de nuestros feligreses, y tenemos mucho cuidado en el uso de los fondos que se nos conf\u00edan. Para garantizar este cuidado financiero y el uso prudente de los fondos, empleamos las mejores pr\u00e1cticas sin \u00e1nimo de lucro en todo lo que hacemos, incluida la realizaci\u00f3n de una auditor\u00eda profesional de las finanzas de la iglesia, seg\u00fan proceda.\u00a0<\/p><p>\u00a0<\/p><p><a href=\"https:\/\/stpaulsavannah.org\/wp-content\/uploads\/2026\/03\/St.-Pauls-Annual-Report-2025.pdf\">St. Paul&#8217;s Annual Report 2025<\/a><\/p>\t\t\t\t\t\t\t\t<\/div>\n\t\t\t\t<\/div>\n\t\t\t\t\t<\/div>\n\t\t\t\t<\/div>\n\t\t\t\t<\/div>","protected":false},"excerpt":{"rendered":"<p>ANNUAL PARISH REPORT The Annual Parish Reports, issued at the end of January each calendar year, give an overall sense of what is taking place at St. Paul&#8217;s from year to year &#8212; within our ministries and in our finances and annual budgets.\u00a0 Almost all of our annual budget is funded by the generosity of [&hellip;]<\/p>\n","protected":false},"author":8,"featured_media":0,"parent":0,"menu_order":0,"comment_status":"closed","ping_status":"closed","template":"elementor_header_footer","meta":{"slim_seo":{"title":"Annual Parish Reports - Episcopal Church of St. Paul the Apostle\/Iglesia Episcopal de San Pablo Ap\u00f3stol","description":"ANNUAL PARISH REPORT The Annual Parish Reports, issued at the end of January each calendar year, give an overall sense of what is taking place at St. Paul's fro"},"footnotes":""},"class_list":["post-8671","page","type-page","status-publish","hentry"],"_links":{"self":[{"href":"https:\/\/stpaulsavannah.org\/es\/wp-json\/wp\/v2\/pages\/8671","targetHints":{"allow":["GET"]}}],"collection":[{"href":"https:\/\/stpaulsavannah.org\/es\/wp-json\/wp\/v2\/pages"}],"about":[{"href":"https:\/\/stpaulsavannah.org\/es\/wp-json\/wp\/v2\/types\/page"}],"author":[{"embeddable":true,"href":"https:\/\/stpaulsavannah.org\/es\/wp-json\/wp\/v2\/users\/8"}],"replies":[{"embeddable":true,"href":"https:\/\/stpaulsavannah.org\/es\/wp-json\/wp\/v2\/comments?post=8671"}],"version-history":[{"count":10,"href":"https:\/\/stpaulsavannah.org\/es\/wp-json\/wp\/v2\/pages\/8671\/revisions"}],"predecessor-version":[{"id":10078,"href":"https:\/\/stpaulsavannah.org\/es\/wp-json\/wp\/v2\/pages\/8671\/revisions\/10078"}],"wp:attachment":[{"href":"https:\/\/stpaulsavannah.org\/es\/wp-json\/wp\/v2\/media?parent=8671"}],"curies":[{"name":"wp","href":"https:\/\/api.w.org\/{rel}","templated":true}]}}